{"id":1618,"date":"2023-07-28T14:30:08","date_gmt":"2023-07-28T14:30:08","guid":{"rendered":"https:\/\/estadocomarte.pt\/site\/?page_id=1618"},"modified":"2024-11-24T17:46:35","modified_gmt":"2024-11-24T17:46:35","slug":"estatuto-editorial","status":"publish","type":"page","link":"https:\/\/estadocomarte.pt\/site\/estatuto-editorial\/","title":{"rendered":"Estatuto Editorial"},"content":{"rendered":"\t\t<div data-elementor-type=\"wp-page\" data-elementor-id=\"1618\" class=\"elementor elementor-1618\" data-elementor-post-type=\"page\">\n\t\t\t\t\t\t<section class=\"elementor-section elementor-top-section elementor-element elementor-element-ec6603f elementor-section-boxed elementor-section-height-default elementor-section-height-default\" data-id=\"ec6603f\" data-element_type=\"section\">\n\t\t\t\t\t\t<div class=\"elementor-container elementor-column-gap-default\">\n\t\t\t\t\t<div class=\"elementor-column elementor-col-50 elementor-top-column elementor-element elementor-element-1c03638\" data-id=\"1c03638\" data-element_type=\"column\">\n\t\t\t<div class=\"elementor-widget-wrap elementor-element-populated\">\n\t\t\t\t\t\t<div class=\"elementor-element elementor-element-e2f68e2 elementor-widget elementor-widget-heading\" data-id=\"e2f68e2\" data-element_type=\"widget\" data-widget_type=\"heading.default\">\n\t\t\t\t<div class=\"elementor-widget-container\">\n\t\t\t\t\t<h3 class=\"elementor-heading-title elementor-size-default\">EstatuTo EditOrial<\/h3>\t\t\t\t<\/div>\n\t\t\t\t<\/div>\n\t\t\t\t\t<\/div>\n\t\t<\/div>\n\t\t\t\t<div class=\"elementor-column elementor-col-50 elementor-top-column elementor-element elementor-element-e422ec3\" data-id=\"e422ec3\" data-element_type=\"column\">\n\t\t\t<div class=\"elementor-widget-wrap elementor-element-populated\">\n\t\t\t\t\t\t<div class=\"elementor-element elementor-element-4e60449 elementor-widget-divider--view-line elementor-widget elementor-widget-divider\" data-id=\"4e60449\" data-element_type=\"widget\" data-widget_type=\"divider.default\">\n\t\t\t\t<div class=\"elementor-widget-container\">\n\t\t\t\t\t\t\t<div class=\"elementor-divider\">\n\t\t\t<span class=\"elementor-divider-separator\">\n\t\t\t\t\t\t<\/span>\n\t\t<\/div>\n\t\t\t\t\t\t<\/div>\n\t\t\t\t<\/div>\n\t\t\t\t\t<\/div>\n\t\t<\/div>\n\t\t\t\t\t<\/div>\n\t\t<\/section>\n\t\t\t\t<section class=\"elementor-section elementor-top-section elementor-element elementor-element-0075acf elementor-section-boxed elementor-section-height-default elementor-section-height-default\" data-id=\"0075acf\" data-element_type=\"section\">\n\t\t\t\t\t\t<div class=\"elementor-container elementor-column-gap-default\">\n\t\t\t\t\t<div class=\"elementor-column elementor-col-100 elementor-top-column elementor-element elementor-element-cc787a9\" data-id=\"cc787a9\" data-element_type=\"column\">\n\t\t\t<div class=\"elementor-widget-wrap elementor-element-populated\">\n\t\t\t\t\t\t<div class=\"elementor-element elementor-element-f403eb9 elementor-widget elementor-widget-text-editor\" data-id=\"f403eb9\" data-element_type=\"widget\" data-widget_type=\"text-editor.default\">\n\t\t\t\t<div class=\"elementor-widget-container\">\n\t\t\t\t\t\t\t\t\t<p>O Estado com Arte Magazine \u00e9 um org\u00e3o de comunica\u00e7\u00e3o social, publica\u00e7\u00e3o semanal, on-line de grande informa\u00e7\u00e3o que pretende contribuir para o aprofundamento de assuntos da actualidade portuguesa e internacional.<\/p>\n<p>O Estado com Arte Magazine aposta nos temas de fundo da pol\u00edtica e da cultura, na procura de uma informa\u00e7\u00e3o mais esclarecida e atenta \u00e0 sociedade.<\/p>\n<p>O Estado com Arte Magazine aposta na an\u00e1lise de diversos temas que por qualquer raz\u00e3o sejam menos tratados, ou n\u00e3o fazem parte da agenda dos meios de comunica\u00e7\u00e3o social estabelecidos e que se enquadrem nos conceitos que defendemos.<\/p>\n<p>O Estado com Arte Magazine orienta-se pelos valores da verdade e da transpar\u00eancia, bem como pelos crit\u00e9rios do rigor e da isen\u00e7\u00e3o, e do direito ao contradit\u00f3rio.<\/p>\n<p>O Estado com Arte Magazine orienta-se, ainda, pelos princ\u00edpios da verdade hist\u00f3rica do nosso pa\u00eds e internacional, da defesa da dignidade da pessoa humana em qualquer situa\u00e7\u00e3o em que se encontre, do respeito pelas liberdades de educa\u00e7\u00e3o, liberdade religiosa e liberdade de express\u00e3o.<\/p>\n<p>O Estado com Arte Magazine \u00e9 uma publica\u00e7\u00e3o independente dos poderes pol\u00edticos, econ\u00f3micos, religiosos ou ideol\u00f3gicos.<\/p>\n<p>O Estado com Arte Magazine valoriza uma vis\u00e3o livre sobre o pa\u00eds e o mundo orientada pelos princ\u00edpios democr\u00e1ticos e da dignidade da pessoa humana.<\/p>\n<p>O Estado com Arte Magazine defende a liberdade de imprensa, entendendo-a como um factor determinante numa sociedade democr\u00e1tica respeitando os princ\u00edpios deontol\u00f3gicos dos jornalistas e a boa f\u00e9 dos leitores.<\/p>\n<p>O Estado com Arte Magazine \u00e9 apenas respons\u00e1vel perante os seus leitores.<\/p>\t\t\t\t\t\t\t\t<\/div>\n\t\t\t\t<\/div>\n\t\t\t\t\t<\/div>\n\t\t<\/div>\n\t\t\t\t\t<\/div>\n\t\t<\/section>\n\t\t\t\t<\/div>\n\t\t","protected":false},"excerpt":{"rendered":"<p>EstatuTo EditOrial O Estado com Arte Magazine \u00e9 um org\u00e3o de comunica\u00e7\u00e3o social, publica\u00e7\u00e3o semanal, on-line de grande informa\u00e7\u00e3o que pretende contribuir para o aprofundamento de assuntos da actualidade portuguesa e internacional. O Estado com Arte Magazine aposta nos temas de fundo da pol\u00edtica e da cultura, na procura de uma informa\u00e7\u00e3o mais esclarecida e &hellip;<\/p>\n<p class=\"read-more\"> <a class=\"\" href=\"https:\/\/estadocomarte.pt\/site\/estatuto-editorial\/\"> <span class=\"screen-reader-text\">Estatuto Editorial<\/span> Read More &raquo;<\/a><\/p>\n","protected":false},"author":1,"featured_media":0,"parent":0,"menu_order":0,"comment_status":"closed","ping_status":"closed","template":"","meta":{"site-sidebar-layout":"no-sidebar","site-content-layout":"page-builder","ast-global-header-display":"","ast-banner-title-visibility":"","ast-main-header-display":"","ast-hfb-above-header-display":"","ast-hfb-below-header-display":"","ast-hfb-mobile-header-display":"","site-post-title":"disabled","ast-breadcrumbs-content":"","ast-featured-img":"disabled","footer-sml-layout":"","theme-transparent-header-meta":"default","adv-header-id-meta":"","stick-header-meta":"","header-above-stick-meta":"","header-main-stick-meta":"","header-below-stick-meta":"","footnotes":""},"class_list":["post-1618","page","type-page","status-publish","hentry"],"yoast_head":"<!-- This site is optimized with the Yoast SEO plugin v25.1 - https:\/\/yoast.com\/wordpress\/plugins\/seo\/ -->\n<title>Estatuto Editorial - Estado com Arte<\/title>\n<meta name=\"robots\" content=\"index, follow, max-snippet:-1, max-image-preview:large, max-video-preview:-1\" \/>\n<link rel=\"canonical\" href=\"https:\/\/estadocomarte.pt\/site\/estatuto-editorial\/\" \/>\n<meta property=\"og:locale\" content=\"pt_PT\" \/>\n<meta property=\"og:type\" content=\"article\" \/>\n<meta property=\"og:title\" content=\"Estatuto Editorial - Estado com Arte\" \/>\n<meta property=\"og:description\" content=\"EstatuTo EditOrial O Estado com Arte Magazine \u00e9 um org\u00e3o de comunica\u00e7\u00e3o social, publica\u00e7\u00e3o semanal, on-line de grande informa\u00e7\u00e3o que pretende contribuir para o aprofundamento de assuntos da actualidade portuguesa e internacional. O Estado com Arte Magazine aposta nos temas de fundo da pol\u00edtica e da cultura, na procura de uma informa\u00e7\u00e3o mais esclarecida e &hellip; Estatuto Editorial Read More &raquo;\" \/>\n<meta property=\"og:url\" content=\"https:\/\/estadocomarte.pt\/site\/estatuto-editorial\/\" \/>\n<meta property=\"og:site_name\" content=\"Estado com Arte\" \/>\n<meta property=\"article:modified_time\" content=\"2024-11-24T17:46:35+00:00\" \/>\n<meta property=\"og:image\" content=\"https:\/\/estadocomarte.pt\/site\/wp-content\/uploads\/2023\/07\/cropped-Captura-de-ecra-2023-07-28-as-15.44.44.png\" \/>\n\t<meta property=\"og:image:width\" content=\"512\" \/>\n\t<meta property=\"og:image:height\" content=\"512\" \/>\n\t<meta property=\"og:image:type\" content=\"image\/png\" \/>\n<meta name=\"twitter:card\" content=\"summary_large_image\" \/>\n<meta name=\"twitter:label1\" content=\"Tempo estimado de leitura\" \/>\n\t<meta name=\"twitter:data1\" content=\"2 minutos\" \/>\n<script type=\"application\/ld+json\" class=\"yoast-schema-graph\">{\"@context\":\"https:\/\/schema.org\",\"@graph\":[{\"@type\":\"WebPage\",\"@id\":\"https:\/\/estadocomarte.pt\/site\/estatuto-editorial\/\",\"url\":\"https:\/\/estadocomarte.pt\/site\/estatuto-editorial\/\",\"name\":\"Estatuto Editorial - Estado com Arte\",\"isPartOf\":{\"@id\":\"https:\/\/estadocomarte.pt\/site\/#website\"},\"datePublished\":\"2023-07-28T14:30:08+00:00\",\"dateModified\":\"2024-11-24T17:46:35+00:00\",\"breadcrumb\":{\"@id\":\"https:\/\/estadocomarte.pt\/site\/estatuto-editorial\/#breadcrumb\"},\"inLanguage\":\"pt-PT\",\"potentialAction\":[{\"@type\":\"ReadAction\",\"target\":[\"https:\/\/estadocomarte.pt\/site\/estatuto-editorial\/\"]}]},{\"@type\":\"BreadcrumbList\",\"@id\":\"https:\/\/estadocomarte.pt\/site\/estatuto-editorial\/#breadcrumb\",\"itemListElement\":[{\"@type\":\"ListItem\",\"position\":1,\"name\":\"In\u00edcio\",\"item\":\"https:\/\/estadocomarte.pt\/site\/\"},{\"@type\":\"ListItem\",\"position\":2,\"name\":\"Estatuto Editorial\"}]},{\"@type\":\"WebSite\",\"@id\":\"https:\/\/estadocomarte.pt\/site\/#website\",\"url\":\"https:\/\/estadocomarte.pt\/site\/\",\"name\":\"Estado com Arte Magazine\",\"description\":\"Magazine\",\"publisher\":{\"@id\":\"https:\/\/estadocomarte.pt\/site\/#organization\"},\"alternateName\":\"Magazine semanal sobre pol\u00edtica e cultura, com autores, opini\u00e3o e cr\u00edticas.\",\"potentialAction\":[{\"@type\":\"SearchAction\",\"target\":{\"@type\":\"EntryPoint\",\"urlTemplate\":\"https:\/\/estadocomarte.pt\/site\/?s={search_term_string}\"},\"query-input\":{\"@type\":\"PropertyValueSpecification\",\"valueRequired\":true,\"valueName\":\"search_term_string\"}}],\"inLanguage\":\"pt-PT\"},{\"@type\":\"Organization\",\"@id\":\"https:\/\/estadocomarte.pt\/site\/#organization\",\"name\":\"Estado com Arte Magazine\",\"alternateName\":\"Magazine semanal sobre pol\u00edtica e cultura, com autores, opini\u00e3o e cr\u00edticas.\",\"url\":\"https:\/\/estadocomarte.pt\/site\/\",\"logo\":{\"@type\":\"ImageObject\",\"inLanguage\":\"pt-PT\",\"@id\":\"https:\/\/estadocomarte.pt\/site\/#\/schema\/logo\/image\/\",\"url\":\"https:\/\/estadocomarte.pt\/site\/wp-content\/uploads\/2023\/06\/cropped-cropped-Prancheta-2@2x-100.jpg\",\"contentUrl\":\"https:\/\/estadocomarte.pt\/site\/wp-content\/uploads\/2023\/06\/cropped-cropped-Prancheta-2@2x-100.jpg\",\"width\":1777,\"height\":592,\"caption\":\"Estado com Arte Magazine\"},\"image\":{\"@id\":\"https:\/\/estadocomarte.pt\/site\/#\/schema\/logo\/image\/\"},\"sameAs\":[\"https:\/\/www.instagram.com\/estadocomartemagazine\"]}]}<\/script>\n<!-- \/ Yoast SEO plugin. -->","yoast_head_json":{"title":"Estatuto Editorial - Estado com Arte","robots":{"index":"index","follow":"follow","max-snippet":"max-snippet:-1","max-image-preview":"max-image-preview:large","max-video-preview":"max-video-preview:-1"},"canonical":"https:\/\/estadocomarte.pt\/site\/estatuto-editorial\/","og_locale":"pt_PT","og_type":"article","og_title":"Estatuto Editorial - Estado com Arte","og_description":"EstatuTo EditOrial O Estado com Arte Magazine \u00e9 um org\u00e3o de comunica\u00e7\u00e3o social, publica\u00e7\u00e3o semanal, on-line de grande informa\u00e7\u00e3o que pretende contribuir para o aprofundamento de assuntos da actualidade portuguesa e internacional. O Estado com Arte Magazine aposta nos temas de fundo da pol\u00edtica e da cultura, na procura de uma informa\u00e7\u00e3o mais esclarecida e &hellip; Estatuto Editorial Read More &raquo;","og_url":"https:\/\/estadocomarte.pt\/site\/estatuto-editorial\/","og_site_name":"Estado com Arte","article_modified_time":"2024-11-24T17:46:35+00:00","og_image":[{"width":512,"height":512,"url":"https:\/\/estadocomarte.pt\/site\/wp-content\/uploads\/2023\/07\/cropped-Captura-de-ecra-2023-07-28-as-15.44.44.png","type":"image\/png"}],"twitter_card":"summary_large_image","twitter_misc":{"Tempo estimado de leitura":"2 minutos"},"schema":{"@context":"https:\/\/schema.org","@graph":[{"@type":"WebPage","@id":"https:\/\/estadocomarte.pt\/site\/estatuto-editorial\/","url":"https:\/\/estadocomarte.pt\/site\/estatuto-editorial\/","name":"Estatuto Editorial - Estado com Arte","isPartOf":{"@id":"https:\/\/estadocomarte.pt\/site\/#website"},"datePublished":"2023-07-28T14:30:08+00:00","dateModified":"2024-11-24T17:46:35+00:00","breadcrumb":{"@id":"https:\/\/estadocomarte.pt\/site\/estatuto-editorial\/#breadcrumb"},"inLanguage":"pt-PT","potentialAction":[{"@type":"ReadAction","target":["https:\/\/estadocomarte.pt\/site\/estatuto-editorial\/"]}]},{"@type":"BreadcrumbList","@id":"https:\/\/estadocomarte.pt\/site\/estatuto-editorial\/#breadcrumb","itemListElement":[{"@type":"ListItem","position":1,"name":"In\u00edcio","item":"https:\/\/estadocomarte.pt\/site\/"},{"@type":"ListItem","position":2,"name":"Estatuto Editorial"}]},{"@type":"WebSite","@id":"https:\/\/estadocomarte.pt\/site\/#website","url":"https:\/\/estadocomarte.pt\/site\/","name":"Estado com Arte Magazine","description":"Magazine","publisher":{"@id":"https:\/\/estadocomarte.pt\/site\/#organization"},"alternateName":"Magazine semanal sobre pol\u00edtica e cultura, com autores, opini\u00e3o e cr\u00edticas.","potentialAction":[{"@type":"SearchAction","target":{"@type":"EntryPoint","urlTemplate":"https:\/\/estadocomarte.pt\/site\/?s={search_term_string}"},"query-input":{"@type":"PropertyValueSpecification","valueRequired":true,"valueName":"search_term_string"}}],"inLanguage":"pt-PT"},{"@type":"Organization","@id":"https:\/\/estadocomarte.pt\/site\/#organization","name":"Estado com Arte Magazine","alternateName":"Magazine semanal sobre pol\u00edtica e cultura, com autores, opini\u00e3o e cr\u00edticas.","url":"https:\/\/estadocomarte.pt\/site\/","logo":{"@type":"ImageObject","inLanguage":"pt-PT","@id":"https:\/\/estadocomarte.pt\/site\/#\/schema\/logo\/image\/","url":"https:\/\/estadocomarte.pt\/site\/wp-content\/uploads\/2023\/06\/cropped-cropped-Prancheta-2@2x-100.jpg","contentUrl":"https:\/\/estadocomarte.pt\/site\/wp-content\/uploads\/2023\/06\/cropped-cropped-Prancheta-2@2x-100.jpg","width":1777,"height":592,"caption":"Estado com Arte Magazine"},"image":{"@id":"https:\/\/estadocomarte.pt\/site\/#\/schema\/logo\/image\/"},"sameAs":["https:\/\/www.instagram.com\/estadocomartemagazine"]}]}},"_links":{"self":[{"href":"https:\/\/estadocomarte.pt\/site\/wp-json\/wp\/v2\/pages\/1618","targetHints":{"allow":["GET"]}}],"collection":[{"href":"https:\/\/estadocomarte.pt\/site\/wp-json\/wp\/v2\/pages"}],"about":[{"href":"https:\/\/estadocomarte.pt\/site\/wp-json\/wp\/v2\/types\/page"}],"author":[{"embeddable":true,"href":"https:\/\/estadocomarte.pt\/site\/wp-json\/wp\/v2\/users\/1"}],"replies":[{"embeddable":true,"href":"https:\/\/estadocomarte.pt\/site\/wp-json\/wp\/v2\/comments?post=1618"}],"version-history":[{"count":0,"href":"https:\/\/estadocomarte.pt\/site\/wp-json\/wp\/v2\/pages\/1618\/revisions"}],"wp:attachment":[{"href":"https:\/\/estadocomarte.pt\/site\/wp-json\/wp\/v2\/media?parent=1618"}],"curies":[{"name":"wp","href":"https:\/\/api.w.org\/{rel}","templated":true}]}}