{"id":2005,"date":"2023-08-04T18:25:43","date_gmt":"2023-08-04T18:25:43","guid":{"rendered":"https:\/\/estadocomarte.pt\/site\/?page_id=2005"},"modified":"2025-10-31T15:46:53","modified_gmt":"2025-10-31T15:46:53","slug":"publicidade","status":"publish","type":"page","link":"https:\/\/estadocomarte.pt\/site\/publicidade\/","title":{"rendered":"Publicidade"},"content":{"rendered":"\t\t<div data-elementor-type=\"wp-page\" data-elementor-id=\"2005\" class=\"elementor elementor-2005\" data-elementor-post-type=\"page\">\n\t\t\t\t\t\t<section class=\"elementor-section elementor-top-section elementor-element elementor-element-d2891d7 elementor-section-full_width elementor-section-height-min-height elementor-section-items-stretch elementor-section-content-middle elementor-section-height-default\" data-id=\"d2891d7\" data-element_type=\"section\">\n\t\t\t\t\t\t<div class=\"elementor-container elementor-column-gap-no\">\n\t\t\t\t\t<div class=\"elementor-column elementor-col-100 elementor-top-column elementor-element elementor-element-ceb0034\" data-id=\"ceb0034\" data-element_type=\"column\">\n\t\t\t<div class=\"elementor-widget-wrap elementor-element-populated\">\n\t\t\t\t\t\t<section class=\"elementor-section elementor-inner-section elementor-element elementor-element-31d4b25 elementor-section-boxed elementor-section-height-default elementor-section-height-default\" data-id=\"31d4b25\" data-element_type=\"section\">\n\t\t\t\t\t\t<div class=\"elementor-container elementor-column-gap-no\">\n\t\t\t\t\t<div class=\"elementor-column elementor-col-100 elementor-inner-column elementor-element elementor-element-c83d8c6\" data-id=\"c83d8c6\" data-element_type=\"column\">\n\t\t\t<div class=\"elementor-widget-wrap elementor-element-populated\">\n\t\t\t\t\t\t<div class=\"elementor-element elementor-element-9c859a1 elementor-widget__width-initial elementor-widget elementor-widget-heading\" data-id=\"9c859a1\" data-element_type=\"widget\" data-widget_type=\"heading.default\">\n\t\t\t\t<div class=\"elementor-widget-container\">\n\t\t\t\t\t<h1 class=\"elementor-heading-title elementor-size-default\">Tabela de Publicidade<\/h1>\t\t\t\t<\/div>\n\t\t\t\t<\/div>\n\t\t\t\t\t<\/div>\n\t\t<\/div>\n\t\t\t\t\t<\/div>\n\t\t<\/section>\n\t\t\t\t<section class=\"elementor-section elementor-inner-section elementor-element elementor-element-51919e3 elementor-section-boxed elementor-section-height-default elementor-section-height-default\" data-id=\"51919e3\" data-element_type=\"section\">\n\t\t\t\t\t\t<div class=\"elementor-container elementor-column-gap-no\">\n\t\t\t\t\t<div class=\"elementor-column elementor-col-100 elementor-inner-column elementor-element elementor-element-79c9e3f\" data-id=\"79c9e3f\" data-element_type=\"column\">\n\t\t\t<div class=\"elementor-widget-wrap elementor-element-populated\">\n\t\t\t\t\t\t<div class=\"elementor-element elementor-element-d7a04ba elementor-widget elementor-widget-text-editor\" data-id=\"d7a04ba\" data-element_type=\"widget\" data-widget_type=\"text-editor.default\">\n\t\t\t\t<div class=\"elementor-widget-container\">\n\t\t\t\t\t\t\t\t\t<center><table width=\"331\" cellspacing=\"0\" cellpadding=\"0\"><tbody><tr><th width=\"255\"><p class=\"western\" align=\"left\"><span style=\"font-family: Calibri, serif;\"><span style=\"font-size: large;\">Formato<\/span><\/span><\/p><\/th><th width=\"76\"><p class=\"western\"><span style=\"font-family: Calibri, serif;\"><span style=\"font-size: large;\">valor<\/span><\/span><\/p><\/th><\/tr><tr><td width=\"255\" height=\"68\"><p class=\"western\"><span style=\"font-family: Calibri, serif;\"><span style=\"font-size: large;\">Branded Content<\/span><\/span><\/p><p class=\"western\"><span style=\"font-family: Calibri, serif;\"><span style=\"font-size: large;\">Publireportagem<\/span><\/span><\/p><\/td><th width=\"76\"><p class=\"western\"><span style=\"font-family: Calibri, serif;\"><span style=\"font-size: large;\">700\u20ac<\/span><\/span><\/p><p class=\"western\"><span style=\"font-family: Calibri, serif;\"><span style=\"font-size: large;\">1.000\u20ac<\/span><\/span><\/p><\/th><\/tr><tr><td width=\"255\"><p class=\"western\"><span style=\"font-family: Calibri, serif;\"><span style=\"font-size: large;\">Banner<\/span><\/span><\/p><\/td><td width=\"76\"><p class=\"western\" align=\"center\"><span style=\"font-family: Calibri, serif;\"><span style=\"font-size: large;\">40\u20ac<\/span><\/span><\/p><\/td><\/tr><tr><td width=\"255\"><p class=\"western\"><span style=\"font-family: Calibri, serif;\"><span style=\"font-size: large;\">Half Page<\/span><\/span><\/p><\/td><td width=\"76\"><p class=\"western\" align=\"center\"><span style=\"font-family: Calibri, serif;\"><span style=\"font-size: large;\">90\u20ac<\/span><\/span><\/p><\/td><\/tr><tr><td width=\"255\"><p class=\"western\"><span style=\"font-family: Calibri, serif;\"><span style=\"font-size: large;\">Manchete<\/span><\/span><\/p><ul><li><p class=\"western\"><span style=\"font-family: Calibri, serif;\"><span style=\"font-size: large;\">no topo do site<\/span><\/span><\/p><\/li><li><p class=\"western\"><span style=\"font-family: Calibri, serif;\"><span style=\"font-size: large;\">vertical ou horizontal<\/span><\/span><\/p><\/li><\/ul><\/td><td width=\"76\"><p class=\"western\" align=\"center\"><span style=\"font-family: Calibri, serif;\"><span style=\"font-size: large;\">140\u20ac<\/span><\/span><\/p><\/td><\/tr><tr><td width=\"255\"><p class=\"western\"><span style=\"font-family: Calibri, serif;\"><span style=\"font-size: large;\">V\u00eddeo<\/span><\/span><\/p><\/td><td width=\"76\"><p class=\"western\" align=\"center\"><span style=\"font-family: Calibri, serif;\"><span style=\"font-size: large;\">500 \u20ac<\/span><\/span><\/p><\/td><\/tr><tr><td width=\"255\"><p class=\"western\"><span style=\"font-family: Calibri, serif;\"><span style=\"font-size: large;\">Podcast<\/span><\/span><\/p><p class=\"western\"><span style=\"font-family: Calibri, serif;\"><span style=\"font-size: large;\">Videocast<\/span><\/span><\/p><\/td><td width=\"76\"><p class=\"western\" align=\"center\"><span style=\"font-family: Calibri, serif;\"><span style=\"font-size: large;\">500 \u20ac<\/span><\/span><\/p><p class=\"western\" align=\"center\"><span style=\"font-family: Calibri, serif;\"><span style=\"font-size: large;\">1000 \u20ac<\/span><\/span><\/p><\/td><\/tr><\/tbody><\/table><\/center>\t\t\t\t\t\t\t\t<\/div>\n\t\t\t\t<\/div>\n\t\t\t\t<div class=\"elementor-element elementor-element-516f34f elementor-mobile-button-align-stretch elementor-button-align-center elementor-widget elementor-widget-form\" data-id=\"516f34f\" data-element_type=\"widget\" data-settings=\"{&quot;step_next_label&quot;:&quot;Next&quot;,&quot;step_previous_label&quot;:&quot;Previous&quot;,&quot;button_width_mobile&quot;:&quot;100&quot;,&quot;button_width&quot;:&quot;100&quot;,&quot;step_type&quot;:&quot;number_text&quot;,&quot;step_icon_shape&quot;:&quot;circle&quot;}\" data-widget_type=\"form.default\">\n\t\t\t\t<div class=\"elementor-widget-container\">\n\t\t\t\t\t\t\t<form class=\"elementor-form\" method=\"post\" name=\"Subscribe Form\">\n\t\t\t<input type=\"hidden\" name=\"post_id\" value=\"2005\"\/>\n\t\t\t<input type=\"hidden\" name=\"form_id\" value=\"516f34f\"\/>\n\t\t\t<input type=\"hidden\" name=\"referer_title\" value=\"Estado com Arte\" \/>\n\n\t\t\t\n\t\t\t<div class=\"elementor-form-fields-wrapper elementor-labels-\">\n\t\t\t\t\t\t\t\t<div class=\"elementor-field-type-text elementor-field-group elementor-column elementor-field-group-field_97e5f0d elementor-col-100\">\n\t\t\t\t\t\t\t\t\t\t\t\t<label for=\"form-field-field_97e5f0d\" class=\"elementor-field-label elementor-screen-only\">\n\t\t\t\t\t\t\t\tNome\t\t\t\t\t\t\t<\/label>\n\t\t\t\t\t\t\t\t\t\t\t\t\t\t<input size=\"1\" type=\"text\" name=\"form_fields[field_97e5f0d]\" id=\"form-field-field_97e5f0d\" class=\"elementor-field elementor-size-md  elementor-field-textual\" placeholder=\"Nome\">\n\t\t\t\t\t\t\t\t\t\t\t<\/div>\n\t\t\t\t\t\t\t\t<div class=\"elementor-field-type-email elementor-field-group elementor-column elementor-field-group-email elementor-col-100 elementor-field-required\">\n\t\t\t\t\t\t\t\t\t\t\t\t<label for=\"form-field-email\" class=\"elementor-field-label elementor-screen-only\">\n\t\t\t\t\t\t\t\tEmail\t\t\t\t\t\t\t<\/label>\n\t\t\t\t\t\t\t\t\t\t\t\t\t\t<input size=\"1\" type=\"email\" name=\"form_fields[email]\" id=\"form-field-email\" class=\"elementor-field elementor-size-md  elementor-field-textual\" placeholder=\"Email\" required=\"required\">\n\t\t\t\t\t\t\t\t\t\t\t<\/div>\n\t\t\t\t\t\t\t\t<div class=\"elementor-field-type-textarea elementor-field-group elementor-column elementor-field-group-field_6b73577 elementor-col-100\">\n\t\t\t\t\t\t\t\t\t\t\t\t<label for=\"form-field-field_6b73577\" class=\"elementor-field-label elementor-screen-only\">\n\t\t\t\t\t\t\t\tMensagem\t\t\t\t\t\t\t<\/label>\n\t\t\t\t\t\t<textarea class=\"elementor-field-textual elementor-field  elementor-size-md\" name=\"form_fields[field_6b73577]\" id=\"form-field-field_6b73577\" rows=\"3\" placeholder=\"Mensagem\"><\/textarea>\t\t\t\t<\/div>\n\t\t\t\t\t\t\t\t<div class=\"elementor-field-group elementor-column elementor-field-type-submit elementor-col-100 e-form__buttons elementor-sm-100\">\n\t\t\t\t\t<button class=\"elementor-button elementor-size-md\" type=\"submit\">\n\t\t\t\t\t\t<span class=\"elementor-button-content-wrapper\">\n\t\t\t\t\t\t\t\t\t\t\t\t\t\t\t\t\t\t\t\t\t\t<span class=\"elementor-button-text\">Enviar<\/span>\n\t\t\t\t\t\t\t\t\t\t\t\t\t<\/span>\n\t\t\t\t\t<\/button>\n\t\t\t\t<\/div>\n\t\t\t<\/div>\n\t\t<\/form>\n\t\t\t\t\t\t<\/div>\n\t\t\t\t<\/div>\n\t\t\t\t\t<\/div>\n\t\t<\/div>\n\t\t\t\t\t<\/div>\n\t\t<\/section>\n\t\t\t\t\t<\/div>\n\t\t<\/div>\n\t\t\t\t\t<\/div>\n\t\t<\/section>\n\t\t\t\t<\/div>\n\t\t","protected":false},"excerpt":{"rendered":"<p>Tabela de Publicidade Formato valor Branded Content Publireportagem 700\u20ac 1.000\u20ac Banner 40\u20ac Half Page 90\u20ac Manchete no topo do site vertical ou horizontal 140\u20ac V\u00eddeo 500 \u20ac Podcast Videocast 500 \u20ac 1000 \u20ac<\/p>\n","protected":false},"author":1,"featured_media":0,"parent":0,"menu_order":0,"comment_status":"closed","ping_status":"closed","template":"","meta":{"site-sidebar-layout":"no-sidebar","site-content-layout":"page-builder","ast-global-header-display":"","ast-banner-title-visibility":"","ast-main-header-display":"","ast-hfb-above-header-display":"","ast-hfb-below-header-display":"","ast-hfb-mobile-header-display":"","site-post-title":"disabled","ast-breadcrumbs-content":"","ast-featured-img":"disabled","footer-sml-layout":"","theme-transparent-header-meta":"default","adv-header-id-meta":"","stick-header-meta":"","header-above-stick-meta":"","header-main-stick-meta":"","header-below-stick-meta":"","footnotes":""},"class_list":["post-2005","page","type-page","status-publish","hentry"],"yoast_head":"<!-- This site is optimized with the Yoast SEO plugin v25.1 - https:\/\/yoast.com\/wordpress\/plugins\/seo\/ -->\n<title>Publicidade - Estado com Arte<\/title>\n<meta name=\"robots\" content=\"index, follow, max-snippet:-1, max-image-preview:large, max-video-preview:-1\" \/>\n<link rel=\"canonical\" href=\"https:\/\/estadocomarte.pt\/site\/publicidade\/\" \/>\n<meta property=\"og:locale\" content=\"pt_PT\" \/>\n<meta property=\"og:type\" content=\"article\" \/>\n<meta property=\"og:title\" content=\"Publicidade - Estado com Arte\" \/>\n<meta property=\"og:description\" content=\"Tabela de Publicidade Formato valor Branded Content Publireportagem 700\u20ac 1.000\u20ac Banner 40\u20ac Half Page 90\u20ac Manchete no topo do site vertical ou horizontal 140\u20ac V\u00eddeo 500 \u20ac Podcast Videocast 500 \u20ac 1000 \u20ac\" \/>\n<meta property=\"og:url\" content=\"https:\/\/estadocomarte.pt\/site\/publicidade\/\" \/>\n<meta property=\"og:site_name\" content=\"Estado com Arte\" \/>\n<meta property=\"article:modified_time\" content=\"2025-10-31T15:46:53+00:00\" \/>\n<meta property=\"og:image\" content=\"https:\/\/estadocomarte.pt\/site\/wp-content\/uploads\/2023\/07\/cropped-Captura-de-ecra-2023-07-28-as-15.44.44.png\" \/>\n\t<meta property=\"og:image:width\" content=\"512\" \/>\n\t<meta property=\"og:image:height\" content=\"512\" \/>\n\t<meta property=\"og:image:type\" content=\"image\/png\" \/>\n<meta name=\"twitter:card\" content=\"summary_large_image\" \/>\n<meta name=\"twitter:label1\" content=\"Tempo estimado de leitura\" \/>\n\t<meta name=\"twitter:data1\" content=\"1 minuto\" \/>\n<script type=\"application\/ld+json\" class=\"yoast-schema-graph\">{\"@context\":\"https:\/\/schema.org\",\"@graph\":[{\"@type\":\"WebPage\",\"@id\":\"https:\/\/estadocomarte.pt\/site\/publicidade\/\",\"url\":\"https:\/\/estadocomarte.pt\/site\/publicidade\/\",\"name\":\"Publicidade - Estado com Arte\",\"isPartOf\":{\"@id\":\"https:\/\/estadocomarte.pt\/site\/#website\"},\"datePublished\":\"2023-08-04T18:25:43+00:00\",\"dateModified\":\"2025-10-31T15:46:53+00:00\",\"breadcrumb\":{\"@id\":\"https:\/\/estadocomarte.pt\/site\/publicidade\/#breadcrumb\"},\"inLanguage\":\"pt-PT\",\"potentialAction\":[{\"@type\":\"ReadAction\",\"target\":[\"https:\/\/estadocomarte.pt\/site\/publicidade\/\"]}]},{\"@type\":\"BreadcrumbList\",\"@id\":\"https:\/\/estadocomarte.pt\/site\/publicidade\/#breadcrumb\",\"itemListElement\":[{\"@type\":\"ListItem\",\"position\":1,\"name\":\"In\u00edcio\",\"item\":\"https:\/\/estadocomarte.pt\/site\/\"},{\"@type\":\"ListItem\",\"position\":2,\"name\":\"Publicidade\"}]},{\"@type\":\"WebSite\",\"@id\":\"https:\/\/estadocomarte.pt\/site\/#website\",\"url\":\"https:\/\/estadocomarte.pt\/site\/\",\"name\":\"Estado com Arte Magazine\",\"description\":\"Magazine\",\"publisher\":{\"@id\":\"https:\/\/estadocomarte.pt\/site\/#organization\"},\"alternateName\":\"Magazine semanal sobre pol\u00edtica e cultura, com autores, opini\u00e3o e cr\u00edticas.\",\"potentialAction\":[{\"@type\":\"SearchAction\",\"target\":{\"@type\":\"EntryPoint\",\"urlTemplate\":\"https:\/\/estadocomarte.pt\/site\/?s={search_term_string}\"},\"query-input\":{\"@type\":\"PropertyValueSpecification\",\"valueRequired\":true,\"valueName\":\"search_term_string\"}}],\"inLanguage\":\"pt-PT\"},{\"@type\":\"Organization\",\"@id\":\"https:\/\/estadocomarte.pt\/site\/#organization\",\"name\":\"Estado com Arte Magazine\",\"alternateName\":\"Magazine semanal sobre pol\u00edtica e cultura, com autores, opini\u00e3o e cr\u00edticas.\",\"url\":\"https:\/\/estadocomarte.pt\/site\/\",\"logo\":{\"@type\":\"ImageObject\",\"inLanguage\":\"pt-PT\",\"@id\":\"https:\/\/estadocomarte.pt\/site\/#\/schema\/logo\/image\/\",\"url\":\"https:\/\/estadocomarte.pt\/site\/wp-content\/uploads\/2023\/06\/cropped-cropped-Prancheta-2@2x-100.jpg\",\"contentUrl\":\"https:\/\/estadocomarte.pt\/site\/wp-content\/uploads\/2023\/06\/cropped-cropped-Prancheta-2@2x-100.jpg\",\"width\":1777,\"height\":592,\"caption\":\"Estado com Arte Magazine\"},\"image\":{\"@id\":\"https:\/\/estadocomarte.pt\/site\/#\/schema\/logo\/image\/\"},\"sameAs\":[\"https:\/\/www.instagram.com\/estadocomartemagazine\"]}]}<\/script>\n<!-- \/ Yoast SEO plugin. -->","yoast_head_json":{"title":"Publicidade - Estado com Arte","robots":{"index":"index","follow":"follow","max-snippet":"max-snippet:-1","max-image-preview":"max-image-preview:large","max-video-preview":"max-video-preview:-1"},"canonical":"https:\/\/estadocomarte.pt\/site\/publicidade\/","og_locale":"pt_PT","og_type":"article","og_title":"Publicidade - Estado com Arte","og_description":"Tabela de Publicidade Formato valor Branded Content Publireportagem 700\u20ac 1.000\u20ac Banner 40\u20ac Half Page 90\u20ac Manchete no topo do site vertical ou horizontal 140\u20ac V\u00eddeo 500 \u20ac Podcast Videocast 500 \u20ac 1000 \u20ac","og_url":"https:\/\/estadocomarte.pt\/site\/publicidade\/","og_site_name":"Estado com Arte","article_modified_time":"2025-10-31T15:46:53+00:00","og_image":[{"width":512,"height":512,"url":"https:\/\/estadocomarte.pt\/site\/wp-content\/uploads\/2023\/07\/cropped-Captura-de-ecra-2023-07-28-as-15.44.44.png","type":"image\/png"}],"twitter_card":"summary_large_image","twitter_misc":{"Tempo estimado de leitura":"1 minuto"},"schema":{"@context":"https:\/\/schema.org","@graph":[{"@type":"WebPage","@id":"https:\/\/estadocomarte.pt\/site\/publicidade\/","url":"https:\/\/estadocomarte.pt\/site\/publicidade\/","name":"Publicidade - Estado com Arte","isPartOf":{"@id":"https:\/\/estadocomarte.pt\/site\/#website"},"datePublished":"2023-08-04T18:25:43+00:00","dateModified":"2025-10-31T15:46:53+00:00","breadcrumb":{"@id":"https:\/\/estadocomarte.pt\/site\/publicidade\/#breadcrumb"},"inLanguage":"pt-PT","potentialAction":[{"@type":"ReadAction","target":["https:\/\/estadocomarte.pt\/site\/publicidade\/"]}]},{"@type":"BreadcrumbList","@id":"https:\/\/estadocomarte.pt\/site\/publicidade\/#breadcrumb","itemListElement":[{"@type":"ListItem","position":1,"name":"In\u00edcio","item":"https:\/\/estadocomarte.pt\/site\/"},{"@type":"ListItem","position":2,"name":"Publicidade"}]},{"@type":"WebSite","@id":"https:\/\/estadocomarte.pt\/site\/#website","url":"https:\/\/estadocomarte.pt\/site\/","name":"Estado com Arte Magazine","description":"Magazine","publisher":{"@id":"https:\/\/estadocomarte.pt\/site\/#organization"},"alternateName":"Magazine semanal sobre pol\u00edtica e cultura, com autores, opini\u00e3o e cr\u00edticas.","potentialAction":[{"@type":"SearchAction","target":{"@type":"EntryPoint","urlTemplate":"https:\/\/estadocomarte.pt\/site\/?s={search_term_string}"},"query-input":{"@type":"PropertyValueSpecification","valueRequired":true,"valueName":"search_term_string"}}],"inLanguage":"pt-PT"},{"@type":"Organization","@id":"https:\/\/estadocomarte.pt\/site\/#organization","name":"Estado com Arte Magazine","alternateName":"Magazine semanal sobre pol\u00edtica e cultura, com autores, opini\u00e3o e cr\u00edticas.","url":"https:\/\/estadocomarte.pt\/site\/","logo":{"@type":"ImageObject","inLanguage":"pt-PT","@id":"https:\/\/estadocomarte.pt\/site\/#\/schema\/logo\/image\/","url":"https:\/\/estadocomarte.pt\/site\/wp-content\/uploads\/2023\/06\/cropped-cropped-Prancheta-2@2x-100.jpg","contentUrl":"https:\/\/estadocomarte.pt\/site\/wp-content\/uploads\/2023\/06\/cropped-cropped-Prancheta-2@2x-100.jpg","width":1777,"height":592,"caption":"Estado com Arte Magazine"},"image":{"@id":"https:\/\/estadocomarte.pt\/site\/#\/schema\/logo\/image\/"},"sameAs":["https:\/\/www.instagram.com\/estadocomartemagazine"]}]}},"_links":{"self":[{"href":"https:\/\/estadocomarte.pt\/site\/wp-json\/wp\/v2\/pages\/2005","targetHints":{"allow":["GET"]}}],"collection":[{"href":"https:\/\/estadocomarte.pt\/site\/wp-json\/wp\/v2\/pages"}],"about":[{"href":"https:\/\/estadocomarte.pt\/site\/wp-json\/wp\/v2\/types\/page"}],"author":[{"embeddable":true,"href":"https:\/\/estadocomarte.pt\/site\/wp-json\/wp\/v2\/users\/1"}],"replies":[{"embeddable":true,"href":"https:\/\/estadocomarte.pt\/site\/wp-json\/wp\/v2\/comments?post=2005"}],"version-history":[{"count":3,"href":"https:\/\/estadocomarte.pt\/site\/wp-json\/wp\/v2\/pages\/2005\/revisions"}],"predecessor-version":[{"id":11290,"href":"https:\/\/estadocomarte.pt\/site\/wp-json\/wp\/v2\/pages\/2005\/revisions\/11290"}],"wp:attachment":[{"href":"https:\/\/estadocomarte.pt\/site\/wp-json\/wp\/v2\/media?parent=2005"}],"curies":[{"name":"wp","href":"https:\/\/api.w.org\/{rel}","templated":true}]}}