{"id":2551,"date":"2023-09-15T15:07:03","date_gmt":"2023-09-15T15:07:03","guid":{"rendered":"https:\/\/estadocomarte.pt\/site\/?page_id=2551"},"modified":"2024-05-03T14:04:38","modified_gmt":"2024-05-03T14:04:38","slug":"vida-de-estado","status":"publish","type":"page","link":"https:\/\/estadocomarte.pt\/site\/vida-de-estado\/","title":{"rendered":"VIDA DE ESTADO"},"content":{"rendered":"\t\t<div data-elementor-type=\"wp-page\" data-elementor-id=\"2551\" class=\"elementor elementor-2551\" data-elementor-post-type=\"page\">\n\t\t\t\t\t\t<section class=\"elementor-section elementor-top-section elementor-element elementor-element-eb5f101 elementor-section-boxed elementor-section-height-default elementor-section-height-default\" data-id=\"eb5f101\" data-element_type=\"section\">\n\t\t\t\t\t\t<div class=\"elementor-container elementor-column-gap-no\">\n\t\t\t\t\t<div class=\"elementor-column elementor-col-100 elementor-top-column elementor-element elementor-element-10aecc9\" data-id=\"10aecc9\" data-element_type=\"column\">\n\t\t\t<div class=\"elementor-widget-wrap elementor-element-populated\">\n\t\t\t\t\t\t<div class=\"elementor-element elementor-element-75dc711 elementor-widget elementor-widget-heading\" data-id=\"75dc711\" data-element_type=\"widget\" data-widget_type=\"heading.default\">\n\t\t\t\t<div class=\"elementor-widget-container\">\n\t\t\t\t\t<h3 class=\"elementor-heading-title elementor-size-default\">VIDA DE ESTADO<\/h3>\t\t\t\t<\/div>\n\t\t\t\t<\/div>\n\t\t\t\t<section class=\"elementor-section elementor-inner-section elementor-element elementor-element-829bd9c elementor-section-full_width elementor-section-height-default elementor-section-height-default\" data-id=\"829bd9c\" data-element_type=\"section\">\n\t\t\t\t\t\t<div class=\"elementor-container elementor-column-gap-no\">\n\t\t\t\t\t<div class=\"elementor-column elementor-col-100 elementor-inner-column elementor-element elementor-element-9d847ad\" data-id=\"9d847ad\" data-element_type=\"column\">\n\t\t\t<div class=\"elementor-widget-wrap elementor-element-populated\">\n\t\t\t\t\t\t<div class=\"elementor-element elementor-element-0636303 elementor-grid-tablet-1 elementor-grid-3 elementor-grid-mobile-1 elementor-posts--thumbnail-top elementor-posts__hover-gradient elementor-widget elementor-widget-posts\" data-id=\"0636303\" data-element_type=\"widget\" data-settings=\"{&quot;cards_row_gap&quot;:{&quot;unit&quot;:&quot;px&quot;,&quot;size&quot;:25,&quot;sizes&quot;:[]},&quot;cards_columns_tablet&quot;:&quot;1&quot;,&quot;cards_columns&quot;:&quot;3&quot;,&quot;cards_columns_mobile&quot;:&quot;1&quot;,&quot;cards_row_gap_tablet&quot;:{&quot;unit&quot;:&quot;px&quot;,&quot;size&quot;:&quot;&quot;,&quot;sizes&quot;:[]},&quot;cards_row_gap_mobile&quot;:{&quot;unit&quot;:&quot;px&quot;,&quot;size&quot;:&quot;&quot;,&quot;sizes&quot;:[]}}\" data-widget_type=\"posts.cards\">\n\t\t\t\t<div class=\"elementor-widget-container\">\n\t\t\t\t\t\t\t<div class=\"elementor-posts-container elementor-posts elementor-posts--skin-cards elementor-grid\">\n\t\t\t\t<article class=\"elementor-post elementor-grid-item post-11874 post type-post status-publish format-standard has-post-thumbnail hentry category-isto-para-nos category-vida-de-estado tag-presidenciais-2026-1a-volta\">\n\t\t\t<div class=\"elementor-post__card\">\n\t\t\t\t<a class=\"elementor-post__thumbnail__link\" href=\"https:\/\/estadocomarte.pt\/site\/2026\/01\/21\/presidenciais-2026-1a-volta\/\" tabindex=\"-1\" ><div class=\"elementor-post__thumbnail\"><img fetchpriority=\"high\" decoding=\"async\" width=\"400\" height=\"600\" src=\"https:\/\/estadocomarte.pt\/site\/wp-content\/uploads\/2023\/12\/Nunolembralles.png\" class=\"attachment-full size-full wp-image-3539\" alt=\"\" srcset=\"https:\/\/estadocomarte.pt\/site\/wp-content\/uploads\/2023\/12\/Nunolembralles.png 400w, https:\/\/estadocomarte.pt\/site\/wp-content\/uploads\/2023\/12\/Nunolembralles-200x300.png 200w\" sizes=\"(max-width: 400px) 100vw, 400px\" \/><\/div><\/a>\n\t\t\t\t<div class=\"elementor-post__text\">\n\t\t\t\t<h4 class=\"elementor-post__title\">\n\t\t\t<a href=\"https:\/\/estadocomarte.pt\/site\/2026\/01\/21\/presidenciais-2026-1a-volta\/\" >\n\t\t\t\tPresidenciais 2026 (1\u00aa Volta)\t\t\t<\/a>\n\t\t<\/h4>\n\t\t\t\t<div class=\"elementor-post__excerpt\">\n\t\t\t<p>Nuno Lumbrales,<br \/>\nAdvogado<\/p>\n\t\t<\/div>\n\t\t\t\t<\/div>\n\t\t\t\t<div class=\"elementor-post__meta-data\">\n\t\t\t\t\t<span class=\"elementor-post-date\">\n\t\t\tJaneiro 21, 2026\t\t<\/span>\n\t\t\t\t<\/div>\n\t\t\t\t\t<\/div>\n\t\t<\/article>\n\t\t\t\t<article class=\"elementor-post elementor-grid-item post-11362 post type-post status-publish format-standard has-post-thumbnail hentry category-isto-para-nos category-vida-de-estado tag-ana-cavalieri tag-shutdown tag-usa\">\n\t\t\t<div class=\"elementor-post__card\">\n\t\t\t\t<a class=\"elementor-post__thumbnail__link\" href=\"https:\/\/estadocomarte.pt\/site\/2025\/11\/07\/shutdown-ana-cavalieri-quem-e-que-vai-ceder\/\" tabindex=\"-1\" ><div class=\"elementor-post__thumbnail\"><img decoding=\"async\" width=\"917\" height=\"964\" src=\"https:\/\/estadocomarte.pt\/site\/wp-content\/uploads\/2025\/05\/Ana-Cavalieri-UCP.jpg\" class=\"attachment-full size-full wp-image-9431\" alt=\"\" srcset=\"https:\/\/estadocomarte.pt\/site\/wp-content\/uploads\/2025\/05\/Ana-Cavalieri-UCP.jpg 917w, https:\/\/estadocomarte.pt\/site\/wp-content\/uploads\/2025\/05\/Ana-Cavalieri-UCP-285x300.jpg 285w, https:\/\/estadocomarte.pt\/site\/wp-content\/uploads\/2025\/05\/Ana-Cavalieri-UCP-768x807.jpg 768w\" sizes=\"(max-width: 917px) 100vw, 917px\" \/><\/div><\/a>\n\t\t\t\t<div class=\"elementor-post__text\">\n\t\t\t\t<h4 class=\"elementor-post__title\">\n\t\t\t<a href=\"https:\/\/estadocomarte.pt\/site\/2025\/11\/07\/shutdown-ana-cavalieri-quem-e-que-vai-ceder\/\" >\n\t\t\t\tShutdown. Ana Cavalieri: &#8221; Quem \u00e9 que vai ceder?&#8221;\t\t\t<\/a>\n\t\t<\/h4>\n\t\t\t\t<div class=\"elementor-post__excerpt\">\n\t\t\t<p>Marta Roque<\/p>\n\t\t<\/div>\n\t\t\t\t<\/div>\n\t\t\t\t<div class=\"elementor-post__meta-data\">\n\t\t\t\t\t<span class=\"elementor-post-date\">\n\t\t\tNovembro 7, 2025\t\t<\/span>\n\t\t\t\t<\/div>\n\t\t\t\t\t<\/div>\n\t\t<\/article>\n\t\t\t\t<article class=\"elementor-post elementor-grid-item post-11179 post type-post status-publish format-standard has-post-thumbnail hentry category-vida-de-estado tag-francisco-balsemao tag-lina-lopes tag-psd\">\n\t\t\t<div class=\"elementor-post__card\">\n\t\t\t\t<a class=\"elementor-post__thumbnail__link\" href=\"https:\/\/estadocomarte.pt\/site\/2025\/10\/21\/francisco-pinto-balsemao-o-homem-que-acreditava-na-democracia-e-nas-pessoas\/\" tabindex=\"-1\" ><div class=\"elementor-post__thumbnail\"><img decoding=\"async\" width=\"483\" height=\"299\" src=\"https:\/\/estadocomarte.pt\/site\/wp-content\/uploads\/2025\/10\/Screenshot_20251022_000543_Google.jpg\" class=\"attachment-full size-full wp-image-11181\" alt=\"\" srcset=\"https:\/\/estadocomarte.pt\/site\/wp-content\/uploads\/2025\/10\/Screenshot_20251022_000543_Google.jpg 483w, https:\/\/estadocomarte.pt\/site\/wp-content\/uploads\/2025\/10\/Screenshot_20251022_000543_Google-300x186.jpg 300w\" sizes=\"(max-width: 483px) 100vw, 483px\" \/><\/div><\/a>\n\t\t\t\t<div class=\"elementor-post__text\">\n\t\t\t\t<h4 class=\"elementor-post__title\">\n\t\t\t<a href=\"https:\/\/estadocomarte.pt\/site\/2025\/10\/21\/francisco-pinto-balsemao-o-homem-que-acreditava-na-democracia-e-nas-pessoas\/\" >\n\t\t\t\tFrancisco Pinto Balsem\u00e3o \u2013 o Homem que acreditava na Democracia e nas Pessoas\t\t\t<\/a>\n\t\t<\/h4>\n\t\t\t\t<div class=\"elementor-post__excerpt\">\n\t\t\t<p>Lina Lopes,<br \/>\nEx-deputada da Na\u00e7\u00e3o <\/p>\n\t\t<\/div>\n\t\t\t\t<\/div>\n\t\t\t\t<div class=\"elementor-post__meta-data\">\n\t\t\t\t\t<span class=\"elementor-post-date\">\n\t\t\tOutubro 21, 2025\t\t<\/span>\n\t\t\t\t<\/div>\n\t\t\t\t\t<\/div>\n\t\t<\/article>\n\t\t\t\t<\/div>\n\t\t\n\t\t\t\t\t\t<\/div>\n\t\t\t\t<\/div>\n\t\t\t\t\t<\/div>\n\t\t<\/div>\n\t\t\t\t\t<\/div>\n\t\t<\/section>\n\t\t\t\t<div class=\"elementor-element elementor-element-6e8d7be elementor-widget-divider--view-line elementor-widget elementor-widget-divider\" data-id=\"6e8d7be\" data-element_type=\"widget\" data-widget_type=\"divider.default\">\n\t\t\t\t<div class=\"elementor-widget-container\">\n\t\t\t\t\t\t\t<div class=\"elementor-divider\">\n\t\t\t<span class=\"elementor-divider-separator\">\n\t\t\t\t\t\t<\/span>\n\t\t<\/div>\n\t\t\t\t\t\t<\/div>\n\t\t\t\t<\/div>\n\t\t\t\t\t<\/div>\n\t\t<\/div>\n\t\t\t\t\t<\/div>\n\t\t<\/section>\n\t\t\t\t<section class=\"elementor-section elementor-top-section elementor-element elementor-element-d40b2e1 elementor-section-boxed elementor-section-height-default elementor-section-height-default\" data-id=\"d40b2e1\" data-element_type=\"section\">\n\t\t\t\t\t\t<div class=\"elementor-container elementor-column-gap-no\">\n\t\t\t\t\t<div class=\"elementor-column elementor-col-100 elementor-top-column elementor-element elementor-element-66b8b76\" data-id=\"66b8b76\" data-element_type=\"column\">\n\t\t\t<div class=\"elementor-widget-wrap elementor-element-populated\">\n\t\t\t\t\t\t<div class=\"elementor-element elementor-element-ad8fd03 elementor-widget elementor-widget-heading\" data-id=\"ad8fd03\" data-element_type=\"widget\" data-widget_type=\"heading.default\">\n\t\t\t\t<div class=\"elementor-widget-container\">\n\t\t\t\t\t<h3 class=\"elementor-heading-title elementor-size-default\">ANTERIOR<\/h3>\t\t\t\t<\/div>\n\t\t\t\t<\/div>\n\t\t\t\t<div class=\"elementor-element elementor-element-033b6b9 elementor-grid-tablet-3 elementor-posts--align-left elementor-grid-4 elementor-grid-mobile-1 elementor-posts--thumbnail-top elementor-posts__hover-gradient elementor-widget elementor-widget-posts\" data-id=\"033b6b9\" data-element_type=\"widget\" data-settings=\"{&quot;cards_row_gap&quot;:{&quot;unit&quot;:&quot;px&quot;,&quot;size&quot;:60,&quot;sizes&quot;:[]},&quot;cards_columns_tablet&quot;:&quot;3&quot;,&quot;cards_columns&quot;:&quot;4&quot;,&quot;pagination_type&quot;:&quot;load_more_infinite_scroll&quot;,&quot;cards_columns_mobile&quot;:&quot;1&quot;,&quot;cards_row_gap_tablet&quot;:{&quot;unit&quot;:&quot;px&quot;,&quot;size&quot;:&quot;&quot;,&quot;sizes&quot;:[]},&quot;cards_row_gap_mobile&quot;:{&quot;unit&quot;:&quot;px&quot;,&quot;size&quot;:&quot;&quot;,&quot;sizes&quot;:[]},&quot;load_more_spinner&quot;:{&quot;value&quot;:&quot;fas fa-spinner&quot;,&quot;library&quot;:&quot;fa-solid&quot;}}\" data-widget_type=\"posts.cards\">\n\t\t\t\t<div class=\"elementor-widget-container\">\n\t\t\t\t\t\t\t<div class=\"elementor-posts-container elementor-posts elementor-posts--skin-cards elementor-grid\">\n\t\t\t\t<article class=\"elementor-post elementor-grid-item post-10483 post type-post status-publish format-standard has-post-thumbnail hentry category-isto-para-nos category-vida-de-estado tag-rui-goncalves\">\n\t\t\t<div class=\"elementor-post__card\">\n\t\t\t\t<a class=\"elementor-post__thumbnail__link\" href=\"https:\/\/estadocomarte.pt\/site\/2025\/08\/19\/os-bombeiros-nao-podem-ser-carne-para-canhao\/\" tabindex=\"-1\" ><div class=\"elementor-post__thumbnail\"><img loading=\"lazy\" decoding=\"async\" width=\"536\" height=\"632\" src=\"https:\/\/estadocomarte.pt\/site\/wp-content\/uploads\/2023\/08\/Rui-Goncalves.jpg\" class=\"attachment-large size-large wp-image-2202\" alt=\"Rui Gon\u00e7alvez\" srcset=\"https:\/\/estadocomarte.pt\/site\/wp-content\/uploads\/2023\/08\/Rui-Goncalves.jpg 536w, https:\/\/estadocomarte.pt\/site\/wp-content\/uploads\/2023\/08\/Rui-Goncalves-254x300.jpg 254w\" sizes=\"(max-width: 536px) 100vw, 536px\" \/><\/div><\/a>\n\t\t\t\t<div class=\"elementor-post__text\">\n\t\t\t\t<h4 class=\"elementor-post__title\">\n\t\t\t<a href=\"https:\/\/estadocomarte.pt\/site\/2025\/08\/19\/os-bombeiros-nao-podem-ser-carne-para-canhao\/\" >\n\t\t\t\tOS BOMBEIROS N\u00c3O PODEM SER &#8220;CARNE PARA CANH\u00c3O&#8221;\t\t\t<\/a>\n\t\t<\/h4>\n\t\t\t\t<div class=\"elementor-post__excerpt\">\n\t\t\t<p>Rui Gon\u00e7alves,<br \/>\nArquiteco<\/p>\n\t\t<\/div>\n\t\t\t\t<\/div>\n\t\t\t\t<div class=\"elementor-post__meta-data\">\n\t\t\t\t\t<span class=\"elementor-post-date\">\n\t\t\tAgosto 19, 2025\t\t<\/span>\n\t\t\t\t<\/div>\n\t\t\t\t\t<\/div>\n\t\t<\/article>\n\t\t\t\t<article class=\"elementor-post elementor-grid-item post-9829 post type-post status-publish format-standard has-post-thumbnail hentry category-isto-para-nos category-vida-de-estado tag-jose-padrao-mendes-neurologista tag-sns\">\n\t\t\t<div class=\"elementor-post__card\">\n\t\t\t\t<a class=\"elementor-post__thumbnail__link\" href=\"https:\/\/estadocomarte.pt\/site\/2025\/06\/01\/a-crise-silenciosa-do-servico-nacional-de-saude-um-alerta-ignorado-ha-quase-3-decadas\/\" tabindex=\"-1\" ><div class=\"elementor-post__thumbnail\"><img loading=\"lazy\" decoding=\"async\" width=\"540\" height=\"436\" src=\"https:\/\/estadocomarte.pt\/site\/wp-content\/uploads\/2024\/01\/Jose-Mendes.jpg\" class=\"attachment-large size-large wp-image-3947\" alt=\"\" srcset=\"https:\/\/estadocomarte.pt\/site\/wp-content\/uploads\/2024\/01\/Jose-Mendes.jpg 540w, https:\/\/estadocomarte.pt\/site\/wp-content\/uploads\/2024\/01\/Jose-Mendes-300x242.jpg 300w\" sizes=\"(max-width: 540px) 100vw, 540px\" \/><\/div><\/a>\n\t\t\t\t<div class=\"elementor-post__text\">\n\t\t\t\t<h4 class=\"elementor-post__title\">\n\t\t\t<a href=\"https:\/\/estadocomarte.pt\/site\/2025\/06\/01\/a-crise-silenciosa-do-servico-nacional-de-saude-um-alerta-ignorado-ha-quase-3-decadas\/\" >\n\t\t\t\tA Crise Silenciosa do Servi\u00e7o Nacional de Sa\u00fade: Um Alerta Ignorado H\u00e1 quase 3 D\u00e9cadas\t\t\t<\/a>\n\t\t<\/h4>\n\t\t\t\t<div class=\"elementor-post__excerpt\">\n\t\t\t<p>Jos\u00e9 Padr\u00e3o Mendes,<br \/>\nM\u00e9dico neurologista <\/p>\n\t\t<\/div>\n\t\t\t\t<\/div>\n\t\t\t\t<div class=\"elementor-post__meta-data\">\n\t\t\t\t\t<span class=\"elementor-post-date\">\n\t\t\tJunho 1, 2025\t\t<\/span>\n\t\t\t\t<\/div>\n\t\t\t\t\t<\/div>\n\t\t<\/article>\n\t\t\t\t<article class=\"elementor-post elementor-grid-item post-9309 post type-post status-publish format-standard has-post-thumbnail hentry category-isto-para-nos category-vida-de-estado tag-papa-francisco tag-silvia-mangerona\">\n\t\t\t<div class=\"elementor-post__card\">\n\t\t\t\t<a class=\"elementor-post__thumbnail__link\" href=\"https:\/\/estadocomarte.pt\/site\/2025\/04\/22\/e-tempo-de-silencio-de-escuta-e-de-ler-as-enciclicas-de-francisco\/\" tabindex=\"-1\" ><div class=\"elementor-post__thumbnail\"><img loading=\"lazy\" decoding=\"async\" width=\"688\" height=\"688\" src=\"https:\/\/estadocomarte.pt\/site\/wp-content\/uploads\/2023\/11\/silvia-mangerona.jpg\" class=\"attachment-large size-large wp-image-3252\" alt=\"\" srcset=\"https:\/\/estadocomarte.pt\/site\/wp-content\/uploads\/2023\/11\/silvia-mangerona.jpg 688w, https:\/\/estadocomarte.pt\/site\/wp-content\/uploads\/2023\/11\/silvia-mangerona-300x300.jpg 300w, https:\/\/estadocomarte.pt\/site\/wp-content\/uploads\/2023\/11\/silvia-mangerona-150x150.jpg 150w\" sizes=\"(max-width: 688px) 100vw, 688px\" \/><\/div><\/a>\n\t\t\t\t<div class=\"elementor-post__text\">\n\t\t\t\t<h4 class=\"elementor-post__title\">\n\t\t\t<a href=\"https:\/\/estadocomarte.pt\/site\/2025\/04\/22\/e-tempo-de-silencio-de-escuta-e-de-ler-as-enciclicas-de-francisco\/\" >\n\t\t\t\t\u00c9 tempo de sil\u00eancio, de escuta e de ler as Enc\u00edclicas\u00a0de\u00a0Francisco\t\t\t<\/a>\n\t\t<\/h4>\n\t\t\t\t<div class=\"elementor-post__excerpt\">\n\t\t\t<p>S\u00edlvia Mangerona,<br \/>\nDocente universit\u00e1ria e Polit\u00f3loga<\/p>\n\t\t<\/div>\n\t\t\t\t<\/div>\n\t\t\t\t<div class=\"elementor-post__meta-data\">\n\t\t\t\t\t<span class=\"elementor-post-date\">\n\t\t\tAbril 22, 2025\t\t<\/span>\n\t\t\t\t<\/div>\n\t\t\t\t\t<\/div>\n\t\t<\/article>\n\t\t\t\t<article class=\"elementor-post elementor-grid-item post-8421 post type-post status-publish format-standard has-post-thumbnail hentry category-economia category-isto-para-nos category-mindfulness category-pontas-soltas category-popular category-vida-de-estado tag-energetico tag-entreajuda\">\n\t\t\t<div class=\"elementor-post__card\">\n\t\t\t\t<a class=\"elementor-post__thumbnail__link\" href=\"https:\/\/estadocomarte.pt\/site\/2025\/02\/04\/o-portal-energetico-disponibiliza-condicoes-de-acesso-a-tarifa-social\/\" tabindex=\"-1\" ><div class=\"elementor-post__thumbnail\"><img loading=\"lazy\" decoding=\"async\" width=\"664\" height=\"417\" src=\"https:\/\/estadocomarte.pt\/site\/wp-content\/uploads\/2025\/02\/energetico-versao-vertical-positivo-cmyk-page-2.jpg\" class=\"attachment-large size-large wp-image-8423\" alt=\"\" srcset=\"https:\/\/estadocomarte.pt\/site\/wp-content\/uploads\/2025\/02\/energetico-versao-vertical-positivo-cmyk-page-2.jpg 664w, https:\/\/estadocomarte.pt\/site\/wp-content\/uploads\/2025\/02\/energetico-versao-vertical-positivo-cmyk-page-2-300x188.jpg 300w\" sizes=\"(max-width: 664px) 100vw, 664px\" \/><\/div><\/a>\n\t\t\t\t<div class=\"elementor-post__text\">\n\t\t\t\t<h4 class=\"elementor-post__title\">\n\t\t\t<a href=\"https:\/\/estadocomarte.pt\/site\/2025\/02\/04\/o-portal-energetico-disponibiliza-condicoes-de-acesso-a-tarifa-social\/\" >\n\t\t\t\tO portal Energ\u00e9tico disponibiliza condi\u00e7\u00f5es de acesso \u00e0 Tarifa Social\t\t\t<\/a>\n\t\t<\/h4>\n\t\t\t\t<div class=\"elementor-post__excerpt\">\n\t\t\t<p>Estado com Arte Magazine<\/p>\n\t\t<\/div>\n\t\t\t\t<\/div>\n\t\t\t\t<div class=\"elementor-post__meta-data\">\n\t\t\t\t\t<span class=\"elementor-post-date\">\n\t\t\tFevereiro 4, 2025\t\t<\/span>\n\t\t\t\t<\/div>\n\t\t\t\t\t<\/div>\n\t\t<\/article>\n\t\t\t\t<\/div>\n\t\t\t\t\t<span class=\"e-load-more-spinner\">\n\t\t\t\t<i aria-hidden=\"true\" class=\"fas fa-spinner\"><\/i>\t\t\t<\/span>\n\t\t\n\t\t\t\t<div class=\"e-load-more-anchor\" data-page=\"1\" data-max-page=\"5\" data-next-page=\"https:\/\/estadocomarte.pt\/site\/wp-json\/wp\/v2\/pages\/2551\/page\/2\/\"><\/div>\n\t\t\t\t<div class=\"e-load-more-message\"><\/div>\n\t\t\t\t\t\t<\/div>\n\t\t\t\t<\/div>\n\t\t\t\t<div class=\"elementor-element elementor-element-49af45c elementor-widget-divider--view-line elementor-widget elementor-widget-divider\" data-id=\"49af45c\" data-element_type=\"widget\" data-widget_type=\"divider.default\">\n\t\t\t\t<div class=\"elementor-widget-container\">\n\t\t\t\t\t\t\t<div class=\"elementor-divider\">\n\t\t\t<span class=\"elementor-divider-separator\">\n\t\t\t\t\t\t<\/span>\n\t\t<\/div>\n\t\t\t\t\t\t<\/div>\n\t\t\t\t<\/div>\n\t\t\t\t\t<\/div>\n\t\t<\/div>\n\t\t\t\t\t<\/div>\n\t\t<\/section>\n\t\t\t\t<\/div>\n\t\t","protected":false},"excerpt":{"rendered":"<p>VIDA DE ESTADO ANTERIOR<\/p>\n","protected":false},"author":1,"featured_media":0,"parent":0,"menu_order":0,"comment_status":"closed","ping_status":"closed","template":"","meta":{"site-sidebar-layout":"no-sidebar","site-content-layout":"page-builder","ast-global-header-display":"","ast-banner-title-visibility":"","ast-main-header-display":"","ast-hfb-above-header-display":"","ast-hfb-below-header-display":"","ast-hfb-mobile-header-display":"","site-post-title":"disabled","ast-breadcrumbs-content":"","ast-featured-img":"disabled","footer-sml-layout":"","theme-transparent-header-meta":"default","adv-header-id-meta":"","stick-header-meta":"","header-above-stick-meta":"","header-main-stick-meta":"","header-below-stick-meta":"","footnotes":""},"class_list":["post-2551","page","type-page","status-publish","hentry"],"yoast_head":"<!-- This site is optimized with the Yoast SEO plugin v25.1 - https:\/\/yoast.com\/wordpress\/plugins\/seo\/ -->\n<title>VIDA DE ESTADO - Estado com Arte<\/title>\n<meta name=\"robots\" content=\"index, follow, max-snippet:-1, max-image-preview:large, max-video-preview:-1\" \/>\n<link rel=\"canonical\" href=\"https:\/\/estadocomarte.pt\/site\/vida-de-estado\/\" \/>\n<meta property=\"og:locale\" content=\"pt_PT\" \/>\n<meta property=\"og:type\" content=\"article\" \/>\n<meta property=\"og:title\" content=\"VIDA DE ESTADO - Estado com Arte\" \/>\n<meta property=\"og:description\" content=\"VIDA DE ESTADO ANTERIOR\" \/>\n<meta property=\"og:url\" content=\"https:\/\/estadocomarte.pt\/site\/vida-de-estado\/\" \/>\n<meta property=\"og:site_name\" content=\"Estado com Arte\" \/>\n<meta property=\"article:modified_time\" content=\"2024-05-03T14:04:38+00:00\" \/>\n<meta property=\"og:image\" content=\"https:\/\/estadocomarte.pt\/site\/wp-content\/uploads\/2023\/07\/cropped-Captura-de-ecra-2023-07-28-as-15.44.44.png\" \/>\n\t<meta property=\"og:image:width\" content=\"512\" \/>\n\t<meta property=\"og:image:height\" content=\"512\" \/>\n\t<meta property=\"og:image:type\" content=\"image\/png\" \/>\n<meta name=\"twitter:card\" content=\"summary_large_image\" \/>\n<meta name=\"twitter:label1\" content=\"Tempo estimado de leitura\" \/>\n\t<meta name=\"twitter:data1\" content=\"3 minutos\" \/>\n<script type=\"application\/ld+json\" class=\"yoast-schema-graph\">{\"@context\":\"https:\/\/schema.org\",\"@graph\":[{\"@type\":\"WebPage\",\"@id\":\"https:\/\/estadocomarte.pt\/site\/vida-de-estado\/\",\"url\":\"https:\/\/estadocomarte.pt\/site\/vida-de-estado\/\",\"name\":\"VIDA DE ESTADO - Estado com Arte\",\"isPartOf\":{\"@id\":\"https:\/\/estadocomarte.pt\/site\/#website\"},\"datePublished\":\"2023-09-15T15:07:03+00:00\",\"dateModified\":\"2024-05-03T14:04:38+00:00\",\"breadcrumb\":{\"@id\":\"https:\/\/estadocomarte.pt\/site\/vida-de-estado\/#breadcrumb\"},\"inLanguage\":\"pt-PT\",\"potentialAction\":[{\"@type\":\"ReadAction\",\"target\":[\"https:\/\/estadocomarte.pt\/site\/vida-de-estado\/\"]}]},{\"@type\":\"BreadcrumbList\",\"@id\":\"https:\/\/estadocomarte.pt\/site\/vida-de-estado\/#breadcrumb\",\"itemListElement\":[{\"@type\":\"ListItem\",\"position\":1,\"name\":\"In\u00edcio\",\"item\":\"https:\/\/estadocomarte.pt\/site\/\"},{\"@type\":\"ListItem\",\"position\":2,\"name\":\"VIDA DE ESTADO\"}]},{\"@type\":\"WebSite\",\"@id\":\"https:\/\/estadocomarte.pt\/site\/#website\",\"url\":\"https:\/\/estadocomarte.pt\/site\/\",\"name\":\"Estado com Arte Magazine\",\"description\":\"Magazine\",\"publisher\":{\"@id\":\"https:\/\/estadocomarte.pt\/site\/#organization\"},\"alternateName\":\"Magazine semanal sobre pol\u00edtica e cultura, com autores, opini\u00e3o e cr\u00edticas.\",\"potentialAction\":[{\"@type\":\"SearchAction\",\"target\":{\"@type\":\"EntryPoint\",\"urlTemplate\":\"https:\/\/estadocomarte.pt\/site\/?s={search_term_string}\"},\"query-input\":{\"@type\":\"PropertyValueSpecification\",\"valueRequired\":true,\"valueName\":\"search_term_string\"}}],\"inLanguage\":\"pt-PT\"},{\"@type\":\"Organization\",\"@id\":\"https:\/\/estadocomarte.pt\/site\/#organization\",\"name\":\"Estado com Arte Magazine\",\"alternateName\":\"Magazine semanal sobre pol\u00edtica e cultura, com autores, opini\u00e3o e cr\u00edticas.\",\"url\":\"https:\/\/estadocomarte.pt\/site\/\",\"logo\":{\"@type\":\"ImageObject\",\"inLanguage\":\"pt-PT\",\"@id\":\"https:\/\/estadocomarte.pt\/site\/#\/schema\/logo\/image\/\",\"url\":\"https:\/\/estadocomarte.pt\/site\/wp-content\/uploads\/2023\/06\/cropped-cropped-Prancheta-2@2x-100.jpg\",\"contentUrl\":\"https:\/\/estadocomarte.pt\/site\/wp-content\/uploads\/2023\/06\/cropped-cropped-Prancheta-2@2x-100.jpg\",\"width\":1777,\"height\":592,\"caption\":\"Estado com Arte Magazine\"},\"image\":{\"@id\":\"https:\/\/estadocomarte.pt\/site\/#\/schema\/logo\/image\/\"},\"sameAs\":[\"https:\/\/www.instagram.com\/estadocomartemagazine\"]}]}<\/script>\n<!-- \/ Yoast SEO plugin. -->","yoast_head_json":{"title":"VIDA DE ESTADO - Estado com Arte","robots":{"index":"index","follow":"follow","max-snippet":"max-snippet:-1","max-image-preview":"max-image-preview:large","max-video-preview":"max-video-preview:-1"},"canonical":"https:\/\/estadocomarte.pt\/site\/vida-de-estado\/","og_locale":"pt_PT","og_type":"article","og_title":"VIDA DE ESTADO - Estado com Arte","og_description":"VIDA DE ESTADO ANTERIOR","og_url":"https:\/\/estadocomarte.pt\/site\/vida-de-estado\/","og_site_name":"Estado com Arte","article_modified_time":"2024-05-03T14:04:38+00:00","og_image":[{"width":512,"height":512,"url":"https:\/\/estadocomarte.pt\/site\/wp-content\/uploads\/2023\/07\/cropped-Captura-de-ecra-2023-07-28-as-15.44.44.png","type":"image\/png"}],"twitter_card":"summary_large_image","twitter_misc":{"Tempo estimado de leitura":"3 minutos"},"schema":{"@context":"https:\/\/schema.org","@graph":[{"@type":"WebPage","@id":"https:\/\/estadocomarte.pt\/site\/vida-de-estado\/","url":"https:\/\/estadocomarte.pt\/site\/vida-de-estado\/","name":"VIDA DE ESTADO - Estado com Arte","isPartOf":{"@id":"https:\/\/estadocomarte.pt\/site\/#website"},"datePublished":"2023-09-15T15:07:03+00:00","dateModified":"2024-05-03T14:04:38+00:00","breadcrumb":{"@id":"https:\/\/estadocomarte.pt\/site\/vida-de-estado\/#breadcrumb"},"inLanguage":"pt-PT","potentialAction":[{"@type":"ReadAction","target":["https:\/\/estadocomarte.pt\/site\/vida-de-estado\/"]}]},{"@type":"BreadcrumbList","@id":"https:\/\/estadocomarte.pt\/site\/vida-de-estado\/#breadcrumb","itemListElement":[{"@type":"ListItem","position":1,"name":"In\u00edcio","item":"https:\/\/estadocomarte.pt\/site\/"},{"@type":"ListItem","position":2,"name":"VIDA DE ESTADO"}]},{"@type":"WebSite","@id":"https:\/\/estadocomarte.pt\/site\/#website","url":"https:\/\/estadocomarte.pt\/site\/","name":"Estado com Arte Magazine","description":"Magazine","publisher":{"@id":"https:\/\/estadocomarte.pt\/site\/#organization"},"alternateName":"Magazine semanal sobre pol\u00edtica e cultura, com autores, opini\u00e3o e cr\u00edticas.","potentialAction":[{"@type":"SearchAction","target":{"@type":"EntryPoint","urlTemplate":"https:\/\/estadocomarte.pt\/site\/?s={search_term_string}"},"query-input":{"@type":"PropertyValueSpecification","valueRequired":true,"valueName":"search_term_string"}}],"inLanguage":"pt-PT"},{"@type":"Organization","@id":"https:\/\/estadocomarte.pt\/site\/#organization","name":"Estado com Arte Magazine","alternateName":"Magazine semanal sobre pol\u00edtica e cultura, com autores, opini\u00e3o e cr\u00edticas.","url":"https:\/\/estadocomarte.pt\/site\/","logo":{"@type":"ImageObject","inLanguage":"pt-PT","@id":"https:\/\/estadocomarte.pt\/site\/#\/schema\/logo\/image\/","url":"https:\/\/estadocomarte.pt\/site\/wp-content\/uploads\/2023\/06\/cropped-cropped-Prancheta-2@2x-100.jpg","contentUrl":"https:\/\/estadocomarte.pt\/site\/wp-content\/uploads\/2023\/06\/cropped-cropped-Prancheta-2@2x-100.jpg","width":1777,"height":592,"caption":"Estado com Arte Magazine"},"image":{"@id":"https:\/\/estadocomarte.pt\/site\/#\/schema\/logo\/image\/"},"sameAs":["https:\/\/www.instagram.com\/estadocomartemagazine"]}]}},"_links":{"self":[{"href":"https:\/\/estadocomarte.pt\/site\/wp-json\/wp\/v2\/pages\/2551","targetHints":{"allow":["GET"]}}],"collection":[{"href":"https:\/\/estadocomarte.pt\/site\/wp-json\/wp\/v2\/pages"}],"about":[{"href":"https:\/\/estadocomarte.pt\/site\/wp-json\/wp\/v2\/types\/page"}],"author":[{"embeddable":true,"href":"https:\/\/estadocomarte.pt\/site\/wp-json\/wp\/v2\/users\/1"}],"replies":[{"embeddable":true,"href":"https:\/\/estadocomarte.pt\/site\/wp-json\/wp\/v2\/comments?post=2551"}],"version-history":[{"count":0,"href":"https:\/\/estadocomarte.pt\/site\/wp-json\/wp\/v2\/pages\/2551\/revisions"}],"wp:attachment":[{"href":"https:\/\/estadocomarte.pt\/site\/wp-json\/wp\/v2\/media?parent=2551"}],"curies":[{"name":"wp","href":"https:\/\/api.w.org\/{rel}","templated":true}]}}